{"id":2,"date":"2008-05-02T08:46:45","date_gmt":"2008-05-02T14:46:45","guid":{"rendered":"http:\/\/clopote.biserici.org\/?page_id=2"},"modified":"2008-05-13T23:23:22","modified_gmt":"2008-05-13T20:23:22","slug":"about","status":"publish","type":"page","link":"https:\/\/clopoteleluimitica.biserici.org\/?page_id=2","title":{"rendered":"Despre"},"content":{"rendered":"<p>\u00cenfiin\u0163at\u0103 \u00een anul 1991, <strong>TurProd SRL<\/strong> \u00ee\u015fi propune s\u0103 ofere poten\u0163ialilor clien\u0163i achizi\u0163ionarea unor produse de calitate la cele mai bune pre\u0163uri.<\/p>\n<p>Compania <strong>TurProd SRL<\/strong> produce o gam\u0103 larg\u0103 de clopote de biserici, instala\u0163ii muzicale cu clopote de biserici-clarioane, produse turnate din neferoase \u015fi candelabre. Firma noastr\u0103 are o echipa de 4 angaja\u0163i. Rom\u00e2nia este principala noastr\u0103 pia\u0163\u0103 de desfacere pe care avem o mare experien\u0163\u0103.<\/p>\n<p>Una din principalele misiuni ale companiei este de a \u00eendeplini obiectivele clien\u0163ilor nostri prin calitate superioar\u0103 oferit\u0103 la pre\u0163uri minime. Angaja\u0163ilor no\u015ftri li se asigur\u0103 condi\u0163ii optime de promovare \u00een cadrul firmei.<\/p>\n<p>Pun\u00e2nd accent pe calitatea produselor \u015fi promptitudinea cu care r\u0103spundem solicit\u0103rilor dumneavoastr\u0103 suntem siguri c\u0103 ve\u0163i fi multumi\u0163 de serviciile noastre.<\/p>\n<p>Experien\u0163a <strong>TurProd SRL<\/strong>, rela\u0163iile bune cu companiile colaboratoare reprezint\u0103 un capital serios \u015fi un plus de valoare pe care \u00eel punem la dispozi\u0163ia clien\u0163ilor no\u015ftri.<\/p>\n<p>Compania noastr\u0103 este gata s\u0103 v\u0103 ajute, nu ezita\u0163i s\u0103 ne contacta\u0163i.<\/p>\n","protected":false},"excerpt":{"rendered":"<p>\u00cenfiin\u0163at\u0103 \u00een anul 1991, TurProd SRL \u00ee\u015fi propune s\u0103 ofere poten\u0163ialilor clien\u0163i achizi\u0163ionarea unor produse de calitate la cele mai bune pre\u0163uri. Compania TurProd SRL produce o gam\u0103 larg\u0103 de clopote de biserici, instala\u0163ii muzicale cu clopote de biserici-clarioane, produse turnate din neferoase \u015fi candelabre. Firma noastr\u0103 are o echipa de 4 angaja\u0163i. Rom\u00e2nia este [&hellip;]<\/p>\n","protected":false},"author":1,"featured_media":0,"parent":0,"menu_order":8,"comment_status":"closed","ping_status":"closed","template":"","meta":{"footnotes":""},"class_list":["post-2","page","type-page","status-publish","hentry"],"_links":{"self":[{"href":"https:\/\/clopoteleluimitica.biserici.org\/index.php?rest_route=\/wp\/v2\/pages\/2","targetHints":{"allow":["GET"]}}],"collection":[{"href":"https:\/\/clopoteleluimitica.biserici.org\/index.php?rest_route=\/wp\/v2\/pages"}],"about":[{"href":"https:\/\/clopoteleluimitica.biserici.org\/index.php?rest_route=\/wp\/v2\/types\/page"}],"author":[{"embeddable":true,"href":"https:\/\/clopoteleluimitica.biserici.org\/index.php?rest_route=\/wp\/v2\/users\/1"}],"replies":[{"embeddable":true,"href":"https:\/\/clopoteleluimitica.biserici.org\/index.php?rest_route=%2Fwp%2Fv2%2Fcomments&post=2"}],"version-history":[{"count":0,"href":"https:\/\/clopoteleluimitica.biserici.org\/index.php?rest_route=\/wp\/v2\/pages\/2\/revisions"}],"wp:attachment":[{"href":"https:\/\/clopoteleluimitica.biserici.org\/index.php?rest_route=%2Fwp%2Fv2%2Fmedia&parent=2"}],"curies":[{"name":"wp","href":"https:\/\/api.w.org\/{rel}","templated":true}]}}